{"id":1772,"date":"2021-03-16T14:27:45","date_gmt":"2021-03-16T13:27:45","guid":{"rendered":"https:\/\/arthomes.hu\/3d-setak\/standard-egy-halos-lakas\/"},"modified":"2024-11-15T09:43:33","modified_gmt":"2024-11-15T08:43:33","slug":"standard-egy-halos-lakas","status":"publish","type":"page","link":"https:\/\/arthomes.hu\/hu\/3d-setak\/standard-egy-halos-lakas\/","title":{"rendered":"Standard egy h\u00e1l\u00f3s lak\u00e1s"},"content":{"rendered":"<div class=\"wpb-content-wrapper\"><p>[vc_row unlock_row_content=&#8221;yes&#8221; row_height_percent=&#8221;0&#8243; back_color=&#8221;color-wayh&#8221; overlay_alpha=&#8221;50&#8243; gutter_size=&#8221;3&#8243; column_width_percent=&#8221;100&#8243; shift_y=&#8221;0&#8243; z_index=&#8221;0&#8243;][vc_column column_width_percent=&#8221;100&#8243; position_vertical=&#8221;middle&#8221; align_horizontal=&#8221;align_center&#8221; gutter_size=&#8221;3&#8243; overlay_alpha=&#8221;50&#8243; shift_x=&#8221;0&#8243; shift_y=&#8221;0&#8243; shift_y_down=&#8221;0&#8243; z_index=&#8221;0&#8243; medium_width=&#8221;0&#8243; mobile_width=&#8221;0&#8243; width=&#8221;1\/1&#8243;][vc_button radius=&#8221;btn-square&#8221; border_width=&#8221;0&#8243; display=&#8221;inline&#8221; link=&#8221;url:https%3A%2F%2Farthomes.hu%2Fhu%2F3d-setak%2F|title:3D%20s%C3%A9t%C3%A1k|&#8221; icon=&#8221;fa fa-arrow-left2&#8243; width=&#8221;300&#8243;]Back to all virtual tours[\/vc_button][vc_button radius=&#8221;btn-square&#8221; border_width=&#8221;0&#8243; icon_position=&#8221;right&#8221; display=&#8221;inline&#8221; link=&#8221;url:%2Fvirtual-tour-3d%2Fone-bedroom-premium%2F|title:3D%20s%C3%A9t%C3%A1k|&#8221; icon=&#8221;fa fa-arrow-right2&#8243; width=&#8221;300&#8243;]Next Virtual Tour[\/vc_button][\/vc_column][\/vc_row][vc_row unlock_row_content=&#8221;yes&#8221; row_height_percent=&#8221;0&#8243; override_padding=&#8221;yes&#8221; h_padding=&#8221;0&#8243; top_padding=&#8221;2&#8243; bottom_padding=&#8221;4&#8243; back_color=&#8221;color-wayh&#8221; overlay_alpha=&#8221;50&#8243; gutter_size=&#8221;3&#8243; column_width_percent=&#8221;100&#8243; shift_y=&#8221;0&#8243; z_index=&#8221;0&#8243;][vc_column column_width_percent=&#8221;100&#8243; align_horizontal=&#8221;align_center&#8221; gutter_size=&#8221;3&#8243; override_padding=&#8221;yes&#8221; column_padding=&#8221;0&#8243; overlay_alpha=&#8221;50&#8243; shift_x=&#8221;0&#8243; shift_y=&#8221;0&#8243; shift_y_down=&#8221;0&#8243; z_index=&#8221;0&#8243; medium_width=&#8221;0&#8243; mobile_width=&#8221;0&#8243; width=&#8221;1\/1&#8243;][vc_raw_html]PGlmcmFtZSB3aWR0aD0iMTkyMCIgaGVpZ2h0PSI3MDAiIHNyYz0iaHR0cHM6Ly9teS5tYXR0ZXJwb3J0LmNvbS9zaG93Lz9tPXZ4amdjdmRBRnduIiBmcmFtZWJvcmRlcj0iMCIgYWxsb3dmdWxsc2NyZWVuPSIiIGFsbG93PSJ4ci1zcGF0aWFsLXRyYWNraW5nIj48L2lmcmFtZT4=[\/vc_raw_html][\/vc_column][\/vc_row]<\/p>\n<\/div>","protected":false},"excerpt":{"rendered":"<p>[vc_row unlock_row_content=&#8221;yes&#8221; row_height_percent=&#8221;0&#8243; back_color=&#8221;color-wayh&#8221; overlay_alpha=&#8221;50&#8243; gutter_size=&#8221;3&#8243; column_width_percent=&#8221;100&#8243; shift_y=&#8221;0&#8243; z_index=&#8221;0&#8243;][vc_column column_width_percent=&#8221;100&#8243; position_vertical=&#8221;middle&#8221; align_horizontal=&#8221;align_center&#8221; gutter_size=&#8221;3&#8243; overlay_alpha=&#8221;50&#8243; shift_x=&#8221;0&#8243; shift_y=&#8221;0&#8243; shift_y_down=&#8221;0&#8243; z_index=&#8221;0&#8243; medium_width=&#8221;0&#8243; mobile_width=&#8221;0&#8243; [&hellip;]<\/p>\n","protected":false},"author":1,"featured_media":86,"parent":1742,"menu_order":0,"comment_status":"closed","ping_status":"closed","template":"","meta":{"footnotes":""},"class_list":["post-1772","page","type-page","status-publish","has-post-thumbnail","hentry","page_category-3d-hu"],"_links":{"self":[{"href":"https:\/\/arthomes.hu\/hu\/wp-json\/wp\/v2\/pages\/1772","targetHints":{"allow":["GET"]}}],"collection":[{"href":"https:\/\/arthomes.hu\/hu\/wp-json\/wp\/v2\/pages"}],"about":[{"href":"https:\/\/arthomes.hu\/hu\/wp-json\/wp\/v2\/types\/page"}],"author":[{"embeddable":true,"href":"https:\/\/arthomes.hu\/hu\/wp-json\/wp\/v2\/users\/1"}],"replies":[{"embeddable":true,"href":"https:\/\/arthomes.hu\/hu\/wp-json\/wp\/v2\/comments?post=1772"}],"version-history":[{"count":2,"href":"https:\/\/arthomes.hu\/hu\/wp-json\/wp\/v2\/pages\/1772\/revisions"}],"predecessor-version":[{"id":1774,"href":"https:\/\/arthomes.hu\/hu\/wp-json\/wp\/v2\/pages\/1772\/revisions\/1774"}],"up":[{"embeddable":true,"href":"https:\/\/arthomes.hu\/hu\/wp-json\/wp\/v2\/pages\/1742"}],"wp:featuredmedia":[{"embeddable":true,"href":"https:\/\/arthomes.hu\/hu\/wp-json\/wp\/v2\/media\/86"}],"wp:attachment":[{"href":"https:\/\/arthomes.hu\/hu\/wp-json\/wp\/v2\/media?parent=1772"}],"curies":[{"name":"wp","href":"https:\/\/api.w.org\/{rel}","templated":true}]}}