{"id":1751,"date":"2021-07-19T09:50:10","date_gmt":"2021-07-19T08:50:10","guid":{"rendered":"https:\/\/arthomes.hu\/galeria\/egy-halos-lux-lakas\/"},"modified":"2024-11-15T09:39:56","modified_gmt":"2024-11-15T08:39:56","slug":"egy-halos-lux-lakas","status":"publish","type":"page","link":"https:\/\/arthomes.hu\/hu\/galeria\/egy-halos-lux-lakas\/","title":{"rendered":"Egy h\u00e1l\u00f3s &#8222;LUX&#8221; lak\u00e1s"},"content":{"rendered":"<div class=\"wpb-content-wrapper\"><p>[vc_row row_height_percent=&#8221;0&#8243; override_padding=&#8221;yes&#8221; h_padding=&#8221;2&#8243; top_padding=&#8221;2&#8243; bottom_padding=&#8221;5&#8243; overlay_alpha=&#8221;100&#8243; gutter_size=&#8221;100&#8243; column_width_percent=&#8221;100&#8243; shift_y=&#8221;0&#8243; z_index=&#8221;0&#8243; style=&#8221;inherited&#8221;][vc_column column_width_percent=&#8221;100&#8243; gutter_size=&#8221;3&#8243; overlay_alpha=&#8221;50&#8243; shift_x=&#8221;0&#8243; shift_y=&#8221;0&#8243; shift_y_down=&#8221;0&#8243; z_index=&#8221;0&#8243; medium_width=&#8221;0&#8243; mobile_width=&#8221;0&#8243; zoom_width=&#8221;0&#8243; zoom_height=&#8221;0&#8243; width=&#8221;1\/1&#8243;][vc_gallery el_id=&#8221;gallery-34&#8243; isotope_mode=&#8221;packery&#8221; medias=&#8221;1258&#8243; explode_albums=&#8221;yes&#8221; gutter_size=&#8221;2&#8243; media_items=&#8221;media,icon&#8221; screen_lg=&#8221;1000&#8243; screen_md=&#8221;600&#8243; screen_sm=&#8221;480&#8243; single_width=&#8221;12&#8243; single_overlay_opacity=&#8221;50&#8243; single_image_anim=&#8221;no&#8221; single_h_align=&#8221;center&#8221; single_padding=&#8221;2&#8243; single_icon=&#8221;fa fa-zoom-in&#8221; single_border=&#8221;yes&#8221; single_css_animation=&#8221;alpha-anim&#8221; lbox_caption=&#8221;yes&#8221; no_double_tap=&#8221;yes&#8221; carousel_rtl=&#8221;&#8221; single_title_uppercase=&#8221;&#8221; single_title_bold=&#8221;&#8221; single_title_serif=&#8221;&#8221; onclick=&#8221;link_image&#8221; custom_links_target=&#8221;_self&#8221; single_half_padding=&#8221;&#8221; single_no_background=&#8221;&#8221;][vc_button border_width=&#8221;0&#8243; css_animation=&#8221;alpha-anim&#8221; link=&#8221;url:https%3A%2F%2Farthomes.hu%2Fhu%2Fgaleria%2F|&#8221; icon=&#8221;fa fa-arrow-left2&#8243;]Back[\/vc_button][\/vc_column][\/vc_row]<\/p>\n<\/div>","protected":false},"excerpt":{"rendered":"<p>[vc_row row_height_percent=&#8221;0&#8243; override_padding=&#8221;yes&#8221; h_padding=&#8221;2&#8243; top_padding=&#8221;2&#8243; bottom_padding=&#8221;5&#8243; overlay_alpha=&#8221;100&#8243; gutter_size=&#8221;100&#8243; column_width_percent=&#8221;100&#8243; shift_y=&#8221;0&#8243; z_index=&#8221;0&#8243; style=&#8221;inherited&#8221;][vc_column column_width_percent=&#8221;100&#8243; gutter_size=&#8221;3&#8243; overlay_alpha=&#8221;50&#8243; shift_x=&#8221;0&#8243; shift_y=&#8221;0&#8243; shift_y_down=&#8221;0&#8243; z_index=&#8221;0&#8243; medium_width=&#8221;0&#8243; [&hellip;]<\/p>\n","protected":false},"author":1,"featured_media":1254,"parent":1688,"menu_order":0,"comment_status":"closed","ping_status":"closed","template":"","meta":{"footnotes":""},"class_list":["post-1751","page","type-page","status-publish","has-post-thumbnail","hentry","page_category-gallery-hu"],"_links":{"self":[{"href":"https:\/\/arthomes.hu\/hu\/wp-json\/wp\/v2\/pages\/1751","targetHints":{"allow":["GET"]}}],"collection":[{"href":"https:\/\/arthomes.hu\/hu\/wp-json\/wp\/v2\/pages"}],"about":[{"href":"https:\/\/arthomes.hu\/hu\/wp-json\/wp\/v2\/types\/page"}],"author":[{"embeddable":true,"href":"https:\/\/arthomes.hu\/hu\/wp-json\/wp\/v2\/users\/1"}],"replies":[{"embeddable":true,"href":"https:\/\/arthomes.hu\/hu\/wp-json\/wp\/v2\/comments?post=1751"}],"version-history":[{"count":2,"href":"https:\/\/arthomes.hu\/hu\/wp-json\/wp\/v2\/pages\/1751\/revisions"}],"predecessor-version":[{"id":1753,"href":"https:\/\/arthomes.hu\/hu\/wp-json\/wp\/v2\/pages\/1751\/revisions\/1753"}],"up":[{"embeddable":true,"href":"https:\/\/arthomes.hu\/hu\/wp-json\/wp\/v2\/pages\/1688"}],"wp:featuredmedia":[{"embeddable":true,"href":"https:\/\/arthomes.hu\/hu\/wp-json\/wp\/v2\/media\/1254"}],"wp:attachment":[{"href":"https:\/\/arthomes.hu\/hu\/wp-json\/wp\/v2\/media?parent=1751"}],"curies":[{"name":"wp","href":"https:\/\/api.w.org\/{rel}","templated":true}]}}