{"id":1697,"date":"2021-05-14T11:14:55","date_gmt":"2021-05-14T10:14:55","guid":{"rendered":"https:\/\/arthomes.hu\/vallalati-apartmanok\/"},"modified":"2024-11-28T16:20:37","modified_gmt":"2024-11-28T15:20:37","slug":"vallalati-apartmanok","status":"publish","type":"page","link":"https:\/\/arthomes.hu\/hu\/vallalati-apartmanok\/","title":{"rendered":"V\u00e1llalati apartmanok"},"content":{"rendered":"<div class=\"wpb-content-wrapper\"><p>[vc_row unlock_row_content=&#8221;yes&#8221; row_height_percent=&#8221;70&#8243; override_padding=&#8221;yes&#8221; h_padding=&#8221;0&#8243; top_padding=&#8221;2&#8243; bottom_padding=&#8221;2&#8243; overlay_alpha=&#8221;50&#8243; equal_height=&#8221;yes&#8221; gutter_size=&#8221;0&#8243; column_width_percent=&#8221;100&#8243; shift_y=&#8221;0&#8243; z_index=&#8221;0&#8243;][vc_column column_width_use_pixel=&#8221;yes&#8221; position_vertical=&#8221;middle&#8221; gutter_size=&#8221;3&#8243; override_padding=&#8221;yes&#8221; column_padding=&#8221;2&#8243; overlay_alpha=&#8221;50&#8243; shift_x=&#8221;0&#8243; shift_y=&#8221;0&#8243; shift_y_down=&#8221;0&#8243; z_index=&#8221;0&#8243; medium_width=&#8221;0&#8243; mobile_width=&#8221;0&#8243; width=&#8221;1\/2&#8243; column_width_pixel=&#8221;560&#8243;][vc_custom_heading text_weight=&#8221;800&#8243; separator=&#8221;yes&#8221; css_animation=&#8221;left-t-right&#8221;]V\u00e1llalati Apartmanok Budapest Belv\u00e1ros\u00e1ban[\/vc_custom_heading][vc_column_text css_animation=&#8221;bottom-t-top&#8221; animation_delay=&#8221;200&#8243;]A Budapestre r\u00f6vid vagy hosszabb tart\u00f3zkod\u00e1sra \u00e9rkez\u0151 v\u00e1llalati vezet\u0151k \u00e9s \u00fczletemberek egyre ink\u00e1bb el\u0151nyben r\u00e9szes\u00edtik az egyedi szolg\u00e1ltat\u00e1sokat ny\u00fajt\u00f3 apartmanokat a sz\u00e1llod\u00e1kkal szemben.<\/p>\n<p>Az Art Homes pr\u00e9mium v\u00e1llalati lak\u00e1sokat k\u00edn\u00e1l Budapest belv\u00e1ros\u00e1ban vezet\u0151knek, \u00fczletembereknek, v\u00e1llalkoz\u00f3knak \u00e9s forgat\u00f3csoportoknak, rendk\u00edv\u00fcl hat\u00e9kony szolg\u00e1ltat\u00e1sokkal, amelyel id\u0151t \u00e9s p\u00e9nzt takar\u00edthat meg.[\/vc_column_text][\/vc_column][vc_column column_width_percent=&#8221;100&#8243; gutter_size=&#8221;3&#8243; back_image=&#8221;1085&#8243; overlay_alpha=&#8221;50&#8243; shift_x=&#8221;0&#8243; shift_y=&#8221;0&#8243; shift_y_down=&#8221;0&#8243; z_index=&#8221;0&#8243; medium_width=&#8221;0&#8243; mobile_width=&#8221;0&#8243; css_animation=&#8221;bottom-t-top&#8221; shadow=&#8221;sm&#8221; width=&#8221;1\/2&#8243; mobile_height=&#8221;340&#8243;][\/vc_column][\/vc_row][vc_row row_height_percent=&#8221;0&#8243; override_padding=&#8221;yes&#8221; h_padding=&#8221;2&#8243; top_padding=&#8221;3&#8243; bottom_padding=&#8221;0&#8243; overlay_alpha=&#8221;50&#8243; equal_height=&#8221;yes&#8221; gutter_size=&#8221;0&#8243; column_width_percent=&#8221;100&#8243; shift_y=&#8221;0&#8243; z_index=&#8221;0&#8243; el_class=&#8221;inverted-device-order&#8221;][vc_column column_width_percent=&#8221;100&#8243; align_horizontal=&#8221;align_center&#8221; gutter_size=&#8221;3&#8243; overlay_alpha=&#8221;50&#8243; shift_x=&#8221;0&#8243; shift_y=&#8221;0&#8243; shift_y_down=&#8221;0&#8243; z_index=&#8221;0&#8243; medium_width=&#8221;0&#8243; align_mobile=&#8221;align_left_mobile&#8221; mobile_width=&#8221;0&#8243; width=&#8221;1\/1&#8243;][vc_custom_heading heading_semantic=&#8221;h3&#8243; text_size=&#8221;h3&#8243; text_weight=&#8221;800&#8243; separator=&#8221;yes&#8221; css_animation=&#8221;left-t-right&#8221;]Az Art Homes szolg\u00e1ltat\u00e1ssal ell\u00e1tott apartmanokat a k\u00f6vetkez\u0151 okok miatt r\u00e9szes\u00edtik el\u0151nyben a v\u00e1llalati \u00fcgyfelek:[\/vc_custom_heading][\/vc_column][\/vc_row][vc_row row_height_percent=&#8221;0&#8243; override_padding=&#8221;yes&#8221; h_padding=&#8221;2&#8243; top_padding=&#8221;2&#8243; bottom_padding=&#8221;3&#8243; overlay_alpha=&#8221;0&#8243; gutter_size=&#8221;100&#8243; column_width_percent=&#8221;100&#8243; shift_y=&#8221;0&#8243; z_index=&#8221;0&#8243; style=&#8221;inherited&#8221;][vc_column column_width_percent=&#8221;100&#8243; align_horizontal=&#8221;align_center&#8221; gutter_size=&#8221;4&#8243; overlay_alpha=&#8221;100&#8243; shift_x=&#8221;0&#8243; shift_y=&#8221;0&#8243; shift_y_down=&#8221;0&#8243; z_index=&#8221;0&#8243; medium_width=&#8221;0&#8243; mobile_width=&#8221;0&#8243; zoom_width=&#8221;0&#8243; zoom_height=&#8221;0&#8243; width=&#8221;1\/1&#8243;][vc_row_inner row_inner_height_percent=&#8221;0&#8243; overlay_alpha=&#8221;100&#8243; equal_height=&#8221;yes&#8221; gutter_size=&#8221;3&#8243; shift_y=&#8221;0&#8243; z_index=&#8221;0&#8243; limit_content=&#8221;&#8221;][vc_column_inner column_width_percent=&#8221;100&#8243; gutter_size=&#8221;3&#8243; overlay_alpha=&#8221;100&#8243; shift_x=&#8221;0&#8243; shift_y=&#8221;0&#8243; shift_y_down=&#8221;0&#8243; z_index=&#8221;0&#8243; medium_width=&#8221;3&#8243; mobile_width=&#8221;0&#8243; zoom_width=&#8221;0&#8243; zoom_height=&#8221;0&#8243; width=&#8221;1\/3&#8243;][vc_icon position=&#8221;left&#8221; icon=&#8221;fa fa-star-o&#8221; icon_color=&#8221;color-515773&#8243; size=&#8221;fa-2x&#8221; heading_semantic=&#8221;h4&#8243; text_size=&#8221;h4&#8243; text_weight=&#8221;800&#8243; align=&#8221;left&#8221; title=&#8221;Min\u0151s\u00e9g&#8221;]Minden lak\u00e1st min\u0151s\u00e9gi, kifog\u00e1stalan \u00e1llapotban adunk csak \u00e1t.[\/vc_icon][\/vc_column_inner][vc_column_inner column_width_percent=&#8221;100&#8243; gutter_size=&#8221;3&#8243; overlay_alpha=&#8221;100&#8243; shift_x=&#8221;0&#8243; shift_y=&#8221;0&#8243; shift_y_down=&#8221;0&#8243; z_index=&#8221;0&#8243; medium_width=&#8221;3&#8243; mobile_width=&#8221;0&#8243; zoom_width=&#8221;0&#8243; zoom_height=&#8221;0&#8243; width=&#8221;1\/3&#8243;][vc_icon position=&#8221;left&#8221; icon=&#8221;fa fa-thumbs-o-up&#8221; icon_color=&#8221;color-515773&#8243; size=&#8221;fa-2x&#8221; text_size=&#8221;h4&#8243; text_weight=&#8221;800&#8243; align=&#8221;left&#8221; title=&#8221;Megb\u00edzhat\u00f3s\u00e1g&#8221;]Minden apartmant teljes munkaid\u0151ben dolgoz\u00f3 szakemberek kezelnek, hogy megfeleljenek a szigor\u00fa el\u0151\u00edr\u00e1soknak.[\/vc_icon][\/vc_column_inner][vc_column_inner column_width_percent=&#8221;100&#8243; gutter_size=&#8221;3&#8243; overlay_alpha=&#8221;100&#8243; shift_x=&#8221;0&#8243; shift_y=&#8221;0&#8243; shift_y_down=&#8221;0&#8243; z_index=&#8221;0&#8243; medium_width=&#8221;3&#8243; mobile_width=&#8221;0&#8243; zoom_width=&#8221;0&#8243; zoom_height=&#8221;0&#8243; width=&#8221;1\/3&#8243;][vc_icon position=&#8221;left&#8221; icon=&#8221;fa fa-shuffle&#8221; icon_color=&#8221;color-515773&#8243; size=&#8221;fa-2x&#8221; text_size=&#8221;h4&#8243; text_weight=&#8221;800&#8243; align=&#8221;left&#8221; title=&#8221;Rugalmass\u00e1g&#8221;]M\u00f3dos\u00edthat\u00f3 felt\u00e9telek. A b\u00e9rleti id\u0151szak rugalmasan hosszab\u00edthat\u00f3, vagy r\u00f6vid\u00edthet\u0151.[\/vc_icon][\/vc_column_inner][\/vc_row_inner][vc_row_inner row_inner_height_percent=&#8221;0&#8243; overlay_alpha=&#8221;100&#8243; equal_height=&#8221;yes&#8221; gutter_size=&#8221;3&#8243; shift_y=&#8221;0&#8243; z_index=&#8221;0&#8243; limit_content=&#8221;&#8221;][vc_column_inner column_width_percent=&#8221;100&#8243; gutter_size=&#8221;3&#8243; overlay_alpha=&#8221;100&#8243; shift_x=&#8221;0&#8243; shift_y=&#8221;0&#8243; shift_y_down=&#8221;0&#8243; z_index=&#8221;0&#8243; medium_width=&#8221;3&#8243; mobile_width=&#8221;0&#8243; zoom_width=&#8221;0&#8243; zoom_height=&#8221;0&#8243; width=&#8221;1\/3&#8243;][vc_icon position=&#8221;left&#8221; icon=&#8221;fa fa-map2&#8243; icon_color=&#8221;color-515773&#8243; size=&#8221;fa-2x&#8221; heading_semantic=&#8221;h4&#8243; text_size=&#8221;h4&#8243; text_weight=&#8221;800&#8243; align=&#8221;left&#8221; title=&#8221;Elhelyezked\u00e9s&#8221;]Az Art Homes a v\u00e1ros k\u00f6zpontj\u00e1ban, egy csendes \u00e9s biztons\u00e1gos mell\u00e9kutc\u00e1ban tal\u00e1lhat\u00f3.[\/vc_icon][\/vc_column_inner][vc_column_inner column_width_percent=&#8221;100&#8243; gutter_size=&#8221;3&#8243; overlay_alpha=&#8221;100&#8243; shift_x=&#8221;0&#8243; shift_y=&#8221;0&#8243; shift_y_down=&#8221;0&#8243; z_index=&#8221;0&#8243; medium_width=&#8221;3&#8243; mobile_width=&#8221;0&#8243; zoom_width=&#8221;0&#8243; zoom_height=&#8221;0&#8243; width=&#8221;1\/3&#8243;][vc_icon position=&#8221;left&#8221; icon=&#8221;fa fa-diamond&#8221; icon_color=&#8221;color-515773&#8243; size=&#8221;fa-2x&#8221; text_size=&#8221;h4&#8243; text_weight=&#8221;800&#8243; align=&#8221;left&#8221; title=&#8221;Megfizethet\u0151s\u00e9g&#8221;]Kedvezm\u00e9nyes \u00e1rakat k\u00edn\u00e1lunk t\u00f6rzsvend\u00e9geknek \u00e9s nagyv\u00e1llalati foglal\u00e1soknak.[\/vc_icon][\/vc_column_inner][vc_column_inner column_width_percent=&#8221;100&#8243; gutter_size=&#8221;3&#8243; overlay_alpha=&#8221;100&#8243; shift_x=&#8221;0&#8243; shift_y=&#8221;0&#8243; shift_y_down=&#8221;0&#8243; z_index=&#8221;0&#8243; medium_width=&#8221;3&#8243; mobile_width=&#8221;0&#8243; zoom_width=&#8221;0&#8243; zoom_height=&#8221;0&#8243; width=&#8221;1\/3&#8243;][vc_icon position=&#8221;left&#8221; icon=&#8221;fa fa-check2&#8243; icon_color=&#8221;color-515773&#8243; size=&#8221;fa-2x&#8221; text_size=&#8221;h4&#8243; text_weight=&#8221;800&#8243; align=&#8221;left&#8221; title=&#8221;Exclusive&#8221;]V\u00e1llalati lak\u00e1s opci\u00f3ink a garzonlak\u00e1sokt\u00f3l az exkluz\u00edv penthouse-okig terjednek.[\/vc_icon][\/vc_column_inner][\/vc_row_inner][\/vc_column][\/vc_row][vc_row unlock_row_content=&#8221;yes&#8221; row_height_percent=&#8221;70&#8243; override_padding=&#8221;yes&#8221; h_padding=&#8221;0&#8243; top_padding=&#8221;2&#8243; bottom_padding=&#8221;2&#8243; overlay_alpha=&#8221;50&#8243; equal_height=&#8221;yes&#8221; gutter_size=&#8221;0&#8243; column_width_percent=&#8221;100&#8243; shift_y=&#8221;0&#8243; z_index=&#8221;0&#8243; el_class=&#8221;inverted-device-order&#8221;][vc_column column_width_percent=&#8221;100&#8243; gutter_size=&#8221;3&#8243; back_image=&#8221;193&#8243; overlay_alpha=&#8221;50&#8243; shift_x=&#8221;0&#8243; shift_y=&#8221;0&#8243; shift_y_down=&#8221;0&#8243; z_index=&#8221;0&#8243; medium_width=&#8221;0&#8243; mobile_width=&#8221;0&#8243; css_animation=&#8221;bottom-t-top&#8221; shadow=&#8221;sm&#8221; width=&#8221;1\/2&#8243; mobile_height=&#8221;340&#8243;][\/vc_column][vc_column column_width_use_pixel=&#8221;yes&#8221; position_vertical=&#8221;middle&#8221; gutter_size=&#8221;3&#8243; override_padding=&#8221;yes&#8221; column_padding=&#8221;2&#8243; overlay_alpha=&#8221;50&#8243; shift_x=&#8221;0&#8243; shift_y=&#8221;0&#8243; shift_y_down=&#8221;0&#8243; z_index=&#8221;0&#8243; medium_width=&#8221;0&#8243; mobile_width=&#8221;0&#8243; width=&#8221;1\/2&#8243; column_width_pixel=&#8221;528&#8243;][vc_custom_heading text_weight=&#8221;800&#8243; separator=&#8221;yes&#8221; css_animation=&#8221;left-t-right&#8221;]V\u00e1llalati partnereknek:[\/vc_custom_heading][vc_column_text css_animation=&#8221;bottom-t-top&#8221; animation_delay=&#8221;200&#8243;]Az Art Homes egyed\u00fcl\u00e1ll\u00f3 partners\u00e9get biztos\u00edt v\u00e1llalati b\u00e9rl\u0151k \u00e9s multinacion\u00e1lis c\u00e9gek sz\u00e1m\u00e1ra, bele\u00e9rtve a teljes k\u00f6r\u0171 menedzsment \u00e9s adminisztr\u00e1ci\u00f3s szolg\u00e1ltat\u00e1sokat; m\u0171szaki t\u00e1mogat\u00e1s, takar\u00edt\u00e1s, vend\u00e9gfogad\u00e1s \u00e9s csomagkezel\u00e9s.<\/p>\n<p>A teljesen felszerelt apartmanok p\u00e1r napos hat\u00e1rid\u0151n bel\u00fcl bek\u00f6lt\u00f6zhet\u0151ek, a sz\u00e1llodaszer\u0171 szolg\u00e1ltat\u00e1sok pedig biztons\u00e1got \u00e9s k\u00e9nyelmet ny\u00fajtanak a lak\u00f3knak.[\/vc_column_text][\/vc_column][\/vc_row][vc_row unlock_row_content=&#8221;yes&#8221; row_height_percent=&#8221;70&#8243; override_padding=&#8221;yes&#8221; h_padding=&#8221;0&#8243; top_padding=&#8221;2&#8243; bottom_padding=&#8221;2&#8243; overlay_alpha=&#8221;50&#8243; equal_height=&#8221;yes&#8221; gutter_size=&#8221;0&#8243; column_width_percent=&#8221;100&#8243; shift_y=&#8221;0&#8243; z_index=&#8221;0&#8243;][vc_column column_width_use_pixel=&#8221;yes&#8221; position_vertical=&#8221;middle&#8221; gutter_size=&#8221;3&#8243; override_padding=&#8221;yes&#8221; column_padding=&#8221;2&#8243; overlay_alpha=&#8221;50&#8243; shift_x=&#8221;0&#8243; shift_y=&#8221;0&#8243; shift_y_down=&#8221;0&#8243; z_index=&#8221;0&#8243; medium_width=&#8221;0&#8243; mobile_width=&#8221;0&#8243; width=&#8221;1\/2&#8243; column_width_pixel=&#8221;700&#8243;][vc_custom_heading heading_semantic=&#8221;h5&#8243; text_size=&#8221;h5&#8243; text_weight=&#8221;800&#8243; separator=&#8221;yes&#8221; css_animation=&#8221;left-t-right&#8221;]Szolg\u00e1ltat\u00e1sok:[\/vc_custom_heading][uncode_list icon=&#8221;fa fa-arrow-right2&#8243; icon_color=&#8221;color-286991&#8243; css_animation=&#8221;bottom-t-top&#8221; animation_delay=&#8221;200&#8243;]<\/p>\n<ul>\n<li>A Bev\u00e1ndorl\u00e1si Hivatal \u00e1ltal j\u00f3v\u00e1hagyott b\u00e9rleti szerz\u0151d\u00e9s k\u00e9t nyelven<\/li>\n<li>A lak\u00e1sok \u00e1tad\u00e1sa, visszav\u00e9tele, jegyz\u0151k\u00f6nyvel \u00e9s f\u00e9nyk\u00e9pes dokument\u00e1ci\u00f3val<\/li>\n<li>Ideiglenes vagy \u00e1lland\u00f3 lakc\u00edmbejelent\u00e9s<\/li>\n<li>P\u00e9nz\u00fcgyi \u00fcgyint\u00e9z\u00e9s \u00e9s havi sz\u00e1ml\u00e1z\u00e1s<\/li>\n<li>Rugalmas fizet\u00e9si felt\u00e9telek<\/li>\n<li>Gyors \u00e9s egyszer\u0171 kauci\u00f3 visszak\u00fcld\u00e9si folyamat<\/li>\n<li>A kijel\u00f6lt kapcsolattart\u00f3 a h\u00e9t minden napj\u00e1n, 24 \u00f3r\u00e1ban rendelkez\u00e9sre \u00e1ll<\/li>\n<\/ul>\n<p>[\/uncode_list][vc_empty_space empty_h=&#8221;1&#8243;][\/vc_column][vc_column column_width_percent=&#8221;100&#8243; gutter_size=&#8221;3&#8243; back_image=&#8221;159&#8243; overlay_alpha=&#8221;50&#8243; shift_x=&#8221;0&#8243; shift_y=&#8221;0&#8243; shift_y_down=&#8221;0&#8243; z_index=&#8221;0&#8243; medium_width=&#8221;0&#8243; mobile_width=&#8221;0&#8243; css_animation=&#8221;bottom-t-top&#8221; shadow=&#8221;sm&#8221; width=&#8221;1\/2&#8243; mobile_height=&#8221;340&#8243;][\/vc_column][\/vc_row][vc_row row_height_percent=&#8221;0&#8243; override_padding=&#8221;yes&#8221; h_padding=&#8221;2&#8243; top_padding=&#8221;2&#8243; bottom_padding=&#8221;3&#8243; overlay_alpha=&#8221;50&#8243; equal_height=&#8221;yes&#8221; gutter_size=&#8221;3&#8243; column_width_percent=&#8221;100&#8243; shift_y=&#8221;0&#8243; z_index=&#8221;0&#8243;][vc_column column_width_percent=&#8221;100&#8243; gutter_size=&#8221;3&#8243; overlay_alpha=&#8221;50&#8243; shift_x=&#8221;0&#8243; shift_y=&#8221;0&#8243; shift_y_down=&#8221;0&#8243; z_index=&#8221;0&#8243; medium_width=&#8221;0&#8243; mobile_width=&#8221;0&#8243; width=&#8221;1\/1&#8243;][vc_custom_heading text_weight=&#8221;800&#8243; separator=&#8221;yes&#8221; css_animation=&#8221;left-t-right&#8221;]V\u00e1llalati \u00fcgyfeleink[\/vc_custom_heading][uncode_list icon=&#8221;fa fa-check&#8221; icon_color=&#8221;color-286991&#8243; css_animation=&#8221;alpha-anim&#8221;]<\/p>\n<ul>\n<li>Relok\u00e1ci\u00f3s \u00fcgyn\u00f6k\u00f6k<\/li>\n<li>HR vezet\u0151k \u00e9s irodavezet\u0151k<\/li>\n<li>Szem\u00e9lyi asszisztensek \u00e9s vezet\u0151i asszisztensek<\/li>\n<li>V\u00e1llalati vezet\u0151k kik\u00fcldet\u00e9sben<\/li>\n<\/ul>\n<p>[\/uncode_list][vc_column_text]<\/p>\n<p data-pm-slice=\"1 1 []\">Ha szem\u00e9lyesen szeretne vel\u00fcnk besz\u00e9lni a v\u00e1llalati lakhat\u00e1si lehet\u0151s\u00e9gekr\u0151l, k\u00e9rj\u00fck, vegye fel vel\u00fcnk a <a href=\"#contact\">kapcsolatot<\/a> itt \u00e9s k\u00e9rje seg\u00edts\u00e9g\u00fcnket.<\/p>\n<p>[\/vc_column_text][vc_custom_heading text_weight=&#8221;800&#8243; separator=&#8221;yes&#8221; css_animation=&#8221;left-t-right&#8221;]Exkluz\u00edv partner\u00fcnk az ingatlankezel\u00e9sben:[\/vc_custom_heading][vc_single_image media=&#8221;1011&#8243; media_width_percent=&#8221;50&#8243; alignment=&#8221;center&#8221; media_link=&#8221;url:https%3A%2F%2Fcrystalproperty.hu%2F|title:Cystralproperty|target:_blank&#8221;][\/vc_column][\/vc_row][vc_row row_height_percent=&#8221;0&#8243; override_padding=&#8221;yes&#8221; h_padding=&#8221;2&#8243; top_padding=&#8221;2&#8243; bottom_padding=&#8221;3&#8243; overlay_alpha=&#8221;50&#8243; gutter_size=&#8221;3&#8243; column_width_percent=&#8221;100&#8243; shift_y=&#8221;0&#8243; z_index=&#8221;0&#8243;][vc_column width=&#8221;1\/1&#8243;][vc_gallery el_id=&#8221;gallery-85457&#8243; type=&#8221;carousel&#8221; medias=&#8221;1019,1020,1021,1022,1023&#8243; carousel_lg=&#8221;5&#8243; carousel_md=&#8221;5&#8243; carousel_sm=&#8221;3&#8243; gutter_size=&#8221;3&#8243; media_items=&#8221;media|nolink|original&#8221; carousel_v_align=&#8221;middle&#8221; carousel_interval=&#8221;0&#8243; carousel_navspeed=&#8221;400&#8243; carousel_loop=&#8221;yes&#8221; stage_padding=&#8221;0&#8243; single_shape=&#8221;round&#8221; single_overlay_opacity=&#8221;50&#8243; single_overlay_anim=&#8221;no&#8221; single_text_anim=&#8221;no&#8221; single_image_anim=&#8221;no&#8221; single_padding=&#8221;2&#8243; single_title_dimension=&#8221;&#8221; single_border=&#8221;yes&#8221; title=&#8221;Clients&#8221;][\/vc_column][\/vc_row]<\/p>\n<\/div>","protected":false},"excerpt":{"rendered":"<p>[vc_row unlock_row_content=&#8221;yes&#8221; row_height_percent=&#8221;70&#8243; override_padding=&#8221;yes&#8221; h_padding=&#8221;0&#8243; top_padding=&#8221;2&#8243; bottom_padding=&#8221;2&#8243; overlay_alpha=&#8221;50&#8243; equal_height=&#8221;yes&#8221; gutter_size=&#8221;0&#8243; column_width_percent=&#8221;100&#8243; shift_y=&#8221;0&#8243; z_index=&#8221;0&#8243;][vc_column column_width_use_pixel=&#8221;yes&#8221; position_vertical=&#8221;middle&#8221; gutter_size=&#8221;3&#8243; override_padding=&#8221;yes&#8221; column_padding=&#8221;2&#8243; overlay_alpha=&#8221;50&#8243; shift_x=&#8221;0&#8243; [&hellip;]<\/p>\n","protected":false},"author":1,"featured_media":0,"parent":0,"menu_order":0,"comment_status":"closed","ping_status":"closed","template":"","meta":{"footnotes":""},"class_list":["post-1697","page","type-page","status-publish","hentry","page_category-subpage-hu"],"_links":{"self":[{"href":"https:\/\/arthomes.hu\/hu\/wp-json\/wp\/v2\/pages\/1697","targetHints":{"allow":["GET"]}}],"collection":[{"href":"https:\/\/arthomes.hu\/hu\/wp-json\/wp\/v2\/pages"}],"about":[{"href":"https:\/\/arthomes.hu\/hu\/wp-json\/wp\/v2\/types\/page"}],"author":[{"embeddable":true,"href":"https:\/\/arthomes.hu\/hu\/wp-json\/wp\/v2\/users\/1"}],"replies":[{"embeddable":true,"href":"https:\/\/arthomes.hu\/hu\/wp-json\/wp\/v2\/comments?post=1697"}],"version-history":[{"count":11,"href":"https:\/\/arthomes.hu\/hu\/wp-json\/wp\/v2\/pages\/1697\/revisions"}],"predecessor-version":[{"id":1833,"href":"https:\/\/arthomes.hu\/hu\/wp-json\/wp\/v2\/pages\/1697\/revisions\/1833"}],"wp:attachment":[{"href":"https:\/\/arthomes.hu\/hu\/wp-json\/wp\/v2\/media?parent=1697"}],"curies":[{"name":"wp","href":"https:\/\/api.w.org\/{rel}","templated":true}]}}