{"id":1690,"date":"2021-06-04T14:57:46","date_gmt":"2021-06-04T13:57:46","guid":{"rendered":"https:\/\/arthomes.hu\/apartmanok-szolgaltatasokkal\/"},"modified":"2024-11-28T16:01:17","modified_gmt":"2024-11-28T15:01:17","slug":"apartmanok-szolgaltatasokkal","status":"publish","type":"page","link":"https:\/\/arthomes.hu\/hu\/apartmanok-szolgaltatasokkal\/","title":{"rendered":"Apartmanok szolg\u00e1ltat\u00e1sokkal"},"content":{"rendered":"<div class=\"wpb-content-wrapper\"><p>[vc_row unlock_row_content=&#8221;yes&#8221; row_height_percent=&#8221;0&#8243; override_padding=&#8221;yes&#8221; h_padding=&#8221;0&#8243; top_padding=&#8221;2&#8243; bottom_padding=&#8221;2&#8243; overlay_alpha=&#8221;50&#8243; equal_height=&#8221;yes&#8221; gutter_size=&#8221;0&#8243; column_width_percent=&#8221;100&#8243; shift_y=&#8221;0&#8243; z_index=&#8221;0&#8243; inverted_device_order=&#8221;yes&#8221;][vc_column column_width_percent=&#8221;100&#8243; gutter_size=&#8221;3&#8243; overlay_alpha=&#8221;50&#8243; shift_x=&#8221;0&#8243; shift_y=&#8221;0&#8243; shift_y_down=&#8221;0&#8243; z_index=&#8221;0&#8243; medium_width=&#8221;0&#8243; mobile_width=&#8221;0&#8243; css_animation=&#8221;bottom-t-top&#8221; shadow=&#8221;sm&#8221; width=&#8221;1\/2&#8243;][vc_gallery el_id=&#8221;gallery-571638-191&#8243; type=&#8221;carousel&#8221; medias=&#8221;1165,1161,1163,1164,1162&#8243; carousel_lg=&#8221;1&#8243; carousel_md=&#8221;1&#8243; carousel_sm=&#8221;1&#8243; thumb_size=&#8221;three-two&#8221; gutter_size=&#8221;3&#8243; media_items=&#8221;media|lightbox|original&#8221; carousel_interval=&#8221;3000&#8243; carousel_navspeed=&#8221;400&#8243; carousel_loop=&#8221;yes&#8221; stage_padding=&#8221;0&#8243; single_overlay_color=&#8221;color-286991&#8243; single_overlay_coloration=&#8221;bottom_gradient&#8221; single_overlay_opacity=&#8221;25&#8243; single_overlay_visible=&#8221;yes&#8221; single_overlay_anim=&#8221;no&#8221; single_text_visible=&#8221;yes&#8221; single_text_anim=&#8221;no&#8221; single_text_anim_type=&#8221;btt&#8221; single_image_anim=&#8221;no&#8221; single_h_align=&#8221;right&#8221; single_v_position=&#8221;bottom&#8221; single_padding=&#8221;2&#8243; single_title_dimension=&#8221;h3&#8243; single_title_weight=&#8221;800&#8243; single_shadow=&#8221;yes&#8221; single_border=&#8221;yes&#8221; single_css_animation=&#8221;bottom-t-top&#8221; single_animation_first=&#8221;yes&#8221;][\/vc_column][vc_column column_width_use_pixel=&#8221;yes&#8221; position_vertical=&#8221;middle&#8221; gutter_size=&#8221;3&#8243; override_padding=&#8221;yes&#8221; column_padding=&#8221;2&#8243; overlay_alpha=&#8221;50&#8243; shift_x=&#8221;0&#8243; shift_y=&#8221;0&#8243; shift_y_down=&#8221;0&#8243; z_index=&#8221;0&#8243; medium_width=&#8221;0&#8243; mobile_width=&#8221;0&#8243; width=&#8221;1\/2&#8243; column_width_pixel=&#8221;650&#8243;][vc_custom_heading text_size=&#8221;h1&#8243; text_weight=&#8221;800&#8243; separator=&#8221;yes&#8221; css_animation=&#8221;left-t-right&#8221;]Lak\u00e1s felszerelts\u00e9g[\/vc_custom_heading][uncode_list icon=&#8221;fa fa-check&#8221; icon_color=&#8221;color-411514&#8243; css_animation=&#8221;bottom-t-top&#8221; animation_delay=&#8221;200&#8243;]<\/p>\n<ul>\n<li>L\u00e9gkondicion\u00e1l\u00f3<\/li>\n<li>Nagy sebess\u00e9g\u0171 internet<\/li>\n<li>Okos TV<\/li>\n<li>Teljesen felszerelt konyha<\/li>\n<li>Cs\u00facsmin\u0151s\u00e9g\u0171 anyagok, egyedi gy\u00e1rt\u00e1s\u00fa \u00e1gy \u00e9s kanap\u00e9<\/li>\n<li>Francia erk\u00e9ly vagy terasz<\/li>\n<\/ul>\n<p>[\/uncode_list][\/vc_column][\/vc_row][vc_row unlock_row_content=&#8221;yes&#8221; row_height_percent=&#8221;0&#8243; override_padding=&#8221;yes&#8221; h_padding=&#8221;0&#8243; top_padding=&#8221;0&#8243; bottom_padding=&#8221;0&#8243; overlay_alpha=&#8221;50&#8243; equal_height=&#8221;yes&#8221; gutter_size=&#8221;0&#8243; column_width_percent=&#8221;100&#8243; shift_y=&#8221;0&#8243; z_index=&#8221;0&#8243;][vc_column column_width_use_pixel=&#8221;yes&#8221; position_vertical=&#8221;middle&#8221; gutter_size=&#8221;3&#8243; override_padding=&#8221;yes&#8221; column_padding=&#8221;2&#8243; overlay_alpha=&#8221;50&#8243; shift_x=&#8221;0&#8243; shift_y=&#8221;0&#8243; shift_y_down=&#8221;0&#8243; z_index=&#8221;0&#8243; medium_width=&#8221;0&#8243; mobile_width=&#8221;0&#8243; width=&#8221;1\/2&#8243; column_width_pixel=&#8221;650&#8243;][vc_custom_heading text_size=&#8221;h1&#8243; text_weight=&#8221;800&#8243; separator=&#8221;yes&#8221; css_animation=&#8221;left-t-right&#8221;]Art Homes \u2013 Az \u00c9p\u00fclet[\/vc_custom_heading][uncode_list icon=&#8221;fa fa-arrow-right2&#8243; icon_color=&#8221;color-411514&#8243; css_animation=&#8221;bottom-t-top&#8221; animation_delay=&#8221;200&#8243;]<\/p>\n<ul>\n<li>Gy\u00f6ny\u00f6r\u0171 bej\u00e1rat, amely \u00f6tv\u00f6zi a modern \u00e9s a klasszikus m\u0171v\u00e9szi elemeket<\/li>\n<li>Jap\u00e1n st\u00edlus\u00fa bels\u0151 kert<\/li>\n<li>Fitness \u00e9s j\u00f3ga r\u00e9szleg, professzion\u00e1lis Life Fitness g\u00e9pek, TRX berendez\u00e9sek, nagy k\u00e9perny\u0151 T\u00e9v\u00e9 \u00e9s hangrendszer, szem\u00e9lyi edz\u0151i lehet\u0151s\u00e9g<\/li>\n<li>Irodai Recepci\u00f3 nyitvatart\u00e1si id\u0151ben<\/li>\n<li>Csomag- \u00e9s lev\u00e9l \u00e1tv\u00e9tel<\/li>\n<li>24 \u00f3r\u00e1s m\u0171szaki karbantart\u00e1s<\/li>\n<li>Takar\u00edt\u00e1si szolg\u00e1ltat\u00e1s<\/li>\n<li>M\u00e9lygar\u00e1zs<\/li>\n<\/ul>\n<p>[\/uncode_list][\/vc_column][vc_column column_width_percent=&#8221;100&#8243; gutter_size=&#8221;3&#8243; overlay_alpha=&#8221;50&#8243; shift_x=&#8221;0&#8243; shift_y=&#8221;0&#8243; shift_y_down=&#8221;0&#8243; z_index=&#8221;0&#8243; medium_width=&#8221;0&#8243; mobile_width=&#8221;0&#8243; css_animation=&#8221;bottom-t-top&#8221; shadow=&#8221;sm&#8221; width=&#8221;1\/2&#8243;][vc_gallery el_id=&#8221;gallery-5716&#8243; type=&#8221;carousel&#8221; medias=&#8221;165,846,845,1156,1157&#8243; carousel_lg=&#8221;1&#8243; carousel_md=&#8221;1&#8243; carousel_sm=&#8221;1&#8243; thumb_size=&#8221;three-two&#8221; gutter_size=&#8221;3&#8243; media_items=&#8221;media|lightbox|original&#8221; carousel_interval=&#8221;3000&#8243; carousel_navspeed=&#8221;400&#8243; carousel_loop=&#8221;yes&#8221; stage_padding=&#8221;0&#8243; single_overlay_color=&#8221;color-286991&#8243; single_overlay_coloration=&#8221;bottom_gradient&#8221; single_overlay_opacity=&#8221;25&#8243; single_overlay_visible=&#8221;yes&#8221; single_overlay_anim=&#8221;no&#8221; single_text_visible=&#8221;yes&#8221; single_text_anim=&#8221;no&#8221; single_text_anim_type=&#8221;btt&#8221; single_image_anim=&#8221;no&#8221; single_v_position=&#8221;bottom&#8221; single_padding=&#8221;2&#8243; single_title_dimension=&#8221;h3&#8243; single_title_weight=&#8221;900&#8243; single_shadow=&#8221;yes&#8221; single_border=&#8221;yes&#8221; single_css_animation=&#8221;bottom-t-top&#8221; single_animation_first=&#8221;yes&#8221;][\/vc_column][\/vc_row]<\/p>\n<\/div>","protected":false},"excerpt":{"rendered":"<p>[vc_row unlock_row_content=&#8221;yes&#8221; row_height_percent=&#8221;0&#8243; override_padding=&#8221;yes&#8221; h_padding=&#8221;0&#8243; top_padding=&#8221;2&#8243; bottom_padding=&#8221;2&#8243; overlay_alpha=&#8221;50&#8243; equal_height=&#8221;yes&#8221; gutter_size=&#8221;0&#8243; column_width_percent=&#8221;100&#8243; shift_y=&#8221;0&#8243; z_index=&#8221;0&#8243; inverted_device_order=&#8221;yes&#8221;][vc_column column_width_percent=&#8221;100&#8243; gutter_size=&#8221;3&#8243; overlay_alpha=&#8221;50&#8243; shift_x=&#8221;0&#8243; shift_y=&#8221;0&#8243; shift_y_down=&#8221;0&#8243; [&hellip;]<\/p>\n","protected":false},"author":1,"featured_media":0,"parent":0,"menu_order":0,"comment_status":"closed","ping_status":"closed","template":"","meta":{"footnotes":""},"class_list":["post-1690","page","type-page","status-publish","hentry","page_category-subpage-hu"],"_links":{"self":[{"href":"https:\/\/arthomes.hu\/hu\/wp-json\/wp\/v2\/pages\/1690","targetHints":{"allow":["GET"]}}],"collection":[{"href":"https:\/\/arthomes.hu\/hu\/wp-json\/wp\/v2\/pages"}],"about":[{"href":"https:\/\/arthomes.hu\/hu\/wp-json\/wp\/v2\/types\/page"}],"author":[{"embeddable":true,"href":"https:\/\/arthomes.hu\/hu\/wp-json\/wp\/v2\/users\/1"}],"replies":[{"embeddable":true,"href":"https:\/\/arthomes.hu\/hu\/wp-json\/wp\/v2\/comments?post=1690"}],"version-history":[{"count":10,"href":"https:\/\/arthomes.hu\/hu\/wp-json\/wp\/v2\/pages\/1690\/revisions"}],"predecessor-version":[{"id":1824,"href":"https:\/\/arthomes.hu\/hu\/wp-json\/wp\/v2\/pages\/1690\/revisions\/1824"}],"wp:attachment":[{"href":"https:\/\/arthomes.hu\/hu\/wp-json\/wp\/v2\/media?parent=1690"}],"curies":[{"name":"wp","href":"https:\/\/api.w.org\/{rel}","templated":true}]}}